{"id":53,"date":"2022-04-25T10:31:48","date_gmt":"2022-04-25T10:31:48","guid":{"rendered":"http:\/\/autosbondia0.vl23871.dinaserver.com\/?page_id=53"},"modified":"2026-04-14T17:08:00","modified_gmt":"2026-04-14T17:08:00","slug":"inicio-2","status":"publish","type":"page","link":"https:\/\/autosbondia.com\/es\/","title":{"rendered":"Inicio"},"content":{"rendered":"<!-- Added by Post\/Page specific custom CSS plugin, thank you for using! -->\n<style>span.widget-title {\r\n    display: none;\r\n}\r\n\r\n.dark .is-divider {\r\n    display: none;\r\n}<\/style>\n\t<section class=\"section dark\" id=\"section_1036225459\">\n\t\t<div class=\"bg section-bg fill bg-fill  \" >\n\n\t\t\t\n\t\t\t\n\t\t\t\n\n\t\t<\/div>\n\n\t\t\n\n\t\t<div class=\"section-content relative\">\n\t\t\t\n<div class=\"row row-full-width\"  id=\"row-399703037\">\n\n\t<div id=\"col-71643111\" class=\"col medium-12 small-12 large-12\"  >\n\t\t\t\t<div class=\"col-inner text-left\"  >\n\t\t\t\n\t\t\t\n\t<div id=\"gap-808852988\" class=\"gap-element clearfix\" style=\"display:block; height:auto;\">\n\t\t\n<style>\n#gap-808852988 {\n  padding-top: 0px;\n}\n@media (min-width:550px) {\n  #gap-808852988 {\n    padding-top: 60px;\n  }\n}\n<\/style>\n\t<\/div>\n\t\n\t<div id=\"text-348996962\" class=\"text\">\n\t\t\n<h1><span style=\"font-size: 130%;\">Alquiler coches Menorca<\/span><\/h1>\n\t\t\n<style>\n#text-348996962 {\n  text-align: center;\n}\n<\/style>\n\t<\/div>\n\t\n\t\t<\/div>\n\t\t\t\t\n<style>\n#col-71643111 > .col-inner {\n  margin: 0px 0px -40px 0px;\n}\n<\/style>\n\t<\/div>\n\n\t\n\n\t<div id=\"col-512851206\" class=\"col small-12 large-12\"  >\n\t\t\t\t<div class=\"col-inner\"  >\n\t\t\t\n\t\t\t\n\t<div id=\"gap-1911017877\" class=\"gap-element clearfix\" style=\"display:block; height:auto;\">\n\t\t\n<style>\n#gap-1911017877 {\n  padding-top: 30px;\n}\n<\/style>\n\t<\/div>\n\t\n<ul class=\"sidebar-wrapper ul-reset\"><aside id=\"mod_vikrentcar_search-2\" class=\"widget widget_mod_vikrentcar_search\"><span class=\"widget-title \"><span>Search<\/span><\/span><div class=\"is-divider small\"><\/div>\n<div class=\"vrcdivsearch vrcdivsearchmodule vrc-searchmod-wrap-horizontal\">\n\t<form action=\"https:\/\/autosbondia.com\/es\/search-your-car-2\/?task=search\" method=\"post\" onsubmit=\"return vrcValidateSearch183();\">\n\t\t<input type=\"hidden\" name=\"task\" value=\"search\"\/>\n    <div class=\"vrc-searchmod-section-pickup\">\n<div class=\"vrcsfentrycont\"><label for=\"modplace\">Lugar de recogida<\/label><div class=\"vrcsfentryselect\"><select name=\"place\" id=\"modplace\"><option value=\"4\">Aeropuerto<\/option>\n<option value=\"5\">Puerto Mah\u00f3n<\/option>\n<option value=\"7\">Oficina Mah\u00f3n<\/option>\n<\/select><\/div><\/div>\n<div class=\"vrcsfentrycont\"><label for=\"modreturnplace\">Lugar de entrega<\/label><div class=\"vrcsfentryselect\"><select name=\"returnplace\" id=\"modreturnplace\"><option value=\"4\">Aeropuerto<\/option>\n<option value=\"5\">Puerto Mah\u00f3n<\/option>\n<option value=\"7\">Oficina Mah\u00f3n<\/option>\n<\/select><\/div><\/div>\n<\/div>\n<div class=\"vrc-searchmod-section-datetimes\">\n<div class=\"vrcsfentrycont\">\n\t<div class=\"vrcsfentrylabsel\">\n\t\t<label for=\"pickupdatemod183\">Fecha inicio<\/label>\n\t\t<div class=\"vrcsfentrydate\">\n\t\t\t<input type=\"text\" name=\"pickupdate\" id=\"pickupdatemod183\" size=\"10\" autocomplete=\"off\" onfocus=\"this.blur();\" readonly\/><i class=\"far fa-calendar-alt vrc-caltrigger\"><\/i>\n\t\t<\/div>\n\t<\/div>\n\t<div class=\"vrcsfentrytime\">\n\t\t<label for=\"pickuph\">Hora<\/label>\n\t\t<div class=\"vrc-sf-time-container\">\n\t\t\t<span id=\"vrcmodselph\"><select id=\"pickuph\" name=\"pickuph\"><option value=\"0\">00<\/option>\n<option value=\"1\">01<\/option>\n<option value=\"2\">02<\/option>\n<option value=\"3\">03<\/option>\n<option value=\"4\">04<\/option>\n<option value=\"5\">05<\/option>\n<option value=\"6\">06<\/option>\n<option value=\"7\">07<\/option>\n<option value=\"8\">08<\/option>\n<option value=\"9\">09<\/option>\n<option value=\"10\">10<\/option>\n<option value=\"11\">11<\/option>\n<option value=\"12\">12<\/option>\n<option value=\"13\">13<\/option>\n<option value=\"14\">14<\/option>\n<option value=\"15\">15<\/option>\n<option value=\"16\">16<\/option>\n<option value=\"17\">17<\/option>\n<option value=\"18\">18<\/option>\n<option value=\"19\">19<\/option>\n<option value=\"20\">20<\/option>\n<option value=\"21\">21<\/option>\n<option value=\"22\">22<\/option>\n<option value=\"23\">23<\/option>\n<\/select><\/span>\n\t\t\t<span class=\"vrctimesep\">:<\/span>\n\t\t\t<span id=\"vrcmodselpm\"><select name=\"pickupm\"><option value=\"0\" selected=\"selected\">00<\/option>\n<option value=\"15\">15<\/option>\n<option value=\"30\">30<\/option>\n<option value=\"45\">45<\/option>\n<\/select><\/span>\n\t\t<\/div>\n\t<\/div>\n<\/div>\n<div class=\"vrcsfentrycont\">\n\t<div class=\"vrcsfentrylabsel\">\n\t\t<label for=\"releasedatemod183\">Fecha fin<\/label>\n\t\t<div class=\"vrcsfentrydate\">\n\t\t\t<input type=\"text\" name=\"releasedate\" id=\"releasedatemod183\" size=\"10\" autocomplete=\"off\" onfocus=\"this.blur();\" readonly\/><i class=\"far fa-calendar-alt vrc-caltrigger\"><\/i>\n\t\t<\/div>\n\t<\/div>\n\t<div class=\"vrcsfentrytime\">\n\t\t<label for=\"releaseh\">Hora<\/label>\n\t\t<div class=\"vrc-sf-time-container\">\n\t\t\t<span id=\"vrcmodseldh\"><select id=\"releaseh\" name=\"releaseh\"><option value=\"0\">00<\/option>\n<option value=\"1\">01<\/option>\n<option value=\"2\">02<\/option>\n<option value=\"3\">03<\/option>\n<option value=\"4\">04<\/option>\n<option value=\"5\">05<\/option>\n<option value=\"6\">06<\/option>\n<option value=\"7\">07<\/option>\n<option value=\"8\">08<\/option>\n<option value=\"9\">09<\/option>\n<option value=\"10\">10<\/option>\n<option value=\"11\">11<\/option>\n<option value=\"12\">12<\/option>\n<option value=\"13\">13<\/option>\n<option value=\"14\">14<\/option>\n<option value=\"15\">15<\/option>\n<option value=\"16\">16<\/option>\n<option value=\"17\">17<\/option>\n<option value=\"18\">18<\/option>\n<option value=\"19\">19<\/option>\n<option value=\"20\">20<\/option>\n<option value=\"21\">21<\/option>\n<option value=\"22\">22<\/option>\n<option value=\"23\">23<\/option>\n<\/select><\/span>\n\t\t\t<span class=\"vrctimesep\">:<\/span>\n\t\t\t<span id=\"vrcmodseldm\"><select name=\"releasem\"><option value=\"0\" selected=\"selected\">00<\/option>\n<option value=\"15\">15<\/option>\n<option value=\"30\">30<\/option>\n<option value=\"45\">45<\/option>\n<\/select><\/span>\n\t\t<\/div>\n\t<\/div>\n<\/div>\n<\/div>\n    \t<div class=\"vrc-searchmod-section-sbmt\">\n\t\t\t<div class=\"vrcsfentrycont\">\n\t\t\t\t<div class=\"vrcsfentrysubmit\">\n\t\t\t\t\t<button type=\"submit\" class=\"btn vrcsearch vrc-pref-color-btn\">Buscar<\/button>\n\t\t\t\t<\/div>\n\t\t\t<\/div>\n\t\t<\/div>\n    <\/form>\n<\/div>\n\n<script type=\"text\/javascript\">\nfunction vrcCleanNumber183(snum) {\n\tif (snum.length > 1 && snum.substr(0, 1) == '0') {\n\t\treturn parseInt(snum.substr(1));\n\t}\n\treturn parseInt(snum);\n}\nfunction vrcFormatTime183(h, m) {\n\tvar time_format = 'H:i';\n\tvar time_ftfour = (time_format == 'H:i');\n\tvar time_ampm = '';\n\tif (!time_ftfour) {\n\t\tif (h >= 12 && h < 24) {\n\t\t\ttime_ampm = ' PM';\n\t\t\tif (h > 12) {\n\t\t\t\th -= 12;\n\t\t\t}\n\t\t} else {\n\t\t\ttime_ampm = ' AM';\n\t\t}\n\t}\n\treturn (h < 10 ? ('0' + h) : h) + ':' + ((m < 10 ? ('0' + m) : m)) + time_ampm;\n}\nfunction vrcValidateSearch183() {\n\tif (typeof jQuery === 'undefined' || typeof vrcmod_wopening_pick === 'undefined') {\n\t\treturn true;\n\t}\n\tif (vrcmod_mopening_pick !== null) {\n\t\t\/\/ pickup time\n\t\tvar pickh = jQuery('#vrcmodselph').find('select').val();\n\t\tvar pickm = jQuery('#vrcmodselpm').find('select').val();\n\t\tif (!pickh || !pickh.length || !pickm) {\n\t\t\treturn true;\n\t\t}\n\t\tpickh = vrcCleanNumber183(pickh);\n\t\tpickm = vrcCleanNumber183(pickm);\n\t\tif (pickh == vrcmod_mopening_pick[0]) {\n\t\t\tif (pickm < vrcmod_mopening_pick[1]) {\n\t\t\t\t\/\/ location is still closed at this time\n\t\t\t\tjQuery('#vrcmodselpm').find('select').html('<option value=\"'+vrcmod_mopening_pick[1]+'\">'+(vrcmod_mopening_pick[1] < 10 ? '0'+vrcmod_mopening_pick[1] : vrcmod_mopening_pick[1])+'<\/option>').val(vrcmod_mopening_pick[1]);\n\t\t\t\talert(Joomla.JText._('VRC_LOC_WILL_OPEN_TIME').replace('%s', vrcFormatTime183(vrcmod_mopening_pick[0], vrcmod_mopening_pick[1])));\n\t\t\t\t\/\/ do not return false as we are overwriting the pickup time\n\t\t\t\t\/\/ return false;\n\t\t\t}\n\t\t}\n\t\tif (pickh == vrcmod_mopening_pick[2]) {\n\t\t\tif (pickm > vrcmod_mopening_pick[3]) {\n\t\t\t\t\/\/ location is already closed at this time for a pick up\n\t\t\t\tjQuery('#vrccomselpm').find('select').html('<option value=\"'+vrcmod_mopening_pick[3]+'\">'+(vrcmod_mopening_pick[3] < 10 ? '0'+vrcmod_mopening_pick[3] : vrcmod_mopening_pick[3])+'<\/option>').val(vrcmod_mopening_pick[3]);\n\t\t\t\talert(Joomla.JText._('VRC_LOC_WILL_CLOSE_TIME').replace('%s', vrcFormatTime183(vrcmod_mopening_pick[2], vrcmod_mopening_pick[3])));\n\t\t\t\t\/\/ do not return false as we are overwriting the pickup time\n\t\t\t\t\/\/ return false;\n\t\t\t}\n\t\t}\n\t\t\/\/ check for breaks\n\t\tif (vrcmod_mopening_pick[4] && vrcmod_mopening_pick[4].length) {\n\t\t\tfor (var b = 0; b < vrcmod_mopening_pick[4].length; b++) {\n\t\t\t\tif (!vrcmod_mopening_pick[4][b].hasOwnProperty('fh')) {\n\t\t\t\t\tcontinue;\n\t\t\t\t}\n\t\t\t\tvar break_mess = Joomla.JText._('VRC_PICKLOC_IS_ON_BREAK_TIME_FROM_TO')\n\t\t\t\t\t.replace('%s', vrcFormatTime183(vrcmod_mopening_pick[4][b]['fh'], vrcmod_mopening_pick[4][b]['fm']))\n\t\t\t\t\t.replace('%s', vrcFormatTime183(vrcmod_mopening_pick[4][b]['th'], vrcmod_mopening_pick[4][b]['tm']));\n\t\t\t\tvar break_from_secs = (vrcmod_mopening_pick[4][b]['fh'] * 3600) + (vrcmod_mopening_pick[4][b]['fm'] * 60);\n\t\t\t\tvar break_to_secs = (vrcmod_mopening_pick[4][b]['th'] * 3600) + (vrcmod_mopening_pick[4][b]['tm'] * 60);\n\t\t\t\tvar pick_secs = (pickh * 3600) + (pickm * 60);\n\t\t\t\tif (pick_secs > break_from_secs && pick_secs < break_to_secs) {\n\t\t\t\t\t\/\/ the location is on break at this time\n\t\t\t\t\talert(break_mess);\n\t\t\t\t\treturn false;\n\t\t\t\t} else if (vrcmod_mopening_pick[4][b]['fh'] > vrcmod_mopening_pick[4][b]['th'] && pick_secs < break_from_secs && pick_secs < break_to_secs) {\n\t\t\t\t\t\/\/ overnight break, with time after midnight\n\t\t\t\t\talert(break_mess);\n\t\t\t\t\treturn false;\n\t\t\t\t} else if (vrcmod_mopening_pick[4][b]['fh'] > vrcmod_mopening_pick[4][b]['th'] && pick_secs > break_from_secs && pick_secs > break_to_secs) {\n\t\t\t\t\t\/\/ overnight break, with time before midnight\n\t\t\t\t\talert(break_mess);\n\t\t\t\t\treturn false;\n\t\t\t\t}\n\t\t\t}\n\t\t}\n\t}\n\n\tif (vrcmod_mopening_drop !== null) {\n\t\t\/\/ dropoff time\n\t\tvar droph = jQuery('#vrcmodseldh').find('select').val();\n\t\tvar dropm = jQuery('#vrcmodseldm').find('select').val();\n\t\tif (!droph || !droph.length || !dropm) {\n\t\t\treturn true;\n\t\t}\n\t\tdroph = vrcCleanNumber183(droph);\n\t\tdropm = vrcCleanNumber183(dropm);\n\t\tif (droph == vrcmod_mopening_drop[0]) {\n\t\t\tif (dropm > vrcmod_mopening_drop[1]) {\n\t\t\t\t\/\/ location is already closed at this time\n\t\t\t\tjQuery('#vrcmodseldm').find('select').html('<option value=\"'+vrcmod_mopening_drop[1]+'\">'+(vrcmod_mopening_drop[1] < 10 ? '0'+vrcmod_mopening_drop[1] : vrcmod_mopening_drop[1])+'<\/option>').val(vrcmod_mopening_drop[1]);\n\t\t\t\talert(Joomla.JText._('VRC_LOC_WILL_CLOSE_TIME').replace('%s', 183(vrcmod_mopening_drop[0], vrcmod_mopening_drop[1])));\n\t\t\t\t\/\/ do not return false as we are overwriting the drop off time\n\t\t\t\t\/\/ return false;\n\t\t\t}\n\t\t}\n\t\tif (droph == vrcmod_mopening_drop[2]) {\n\t\t\tif (dropm < vrcmod_mopening_drop[3]) {\n\t\t\t\t\/\/ location is still closed at this time for a drop off\n\t\t\t\tjQuery('#vrcmodseldm').find('select').html('<option value=\"'+vrcmod_mopening_drop[3]+'\">'+(vrcmod_mopening_drop[3] < 10 ? '0'+vrcmod_mopening_drop[3] : vrcmod_mopening_drop[3])+'<\/option>').val(vrcmod_mopening_drop[3]);\n\t\t\t\talert(Joomla.JText._('VRC_LOC_WILL_OPEN_TIME').replace('%s', 183(vrcmod_mopening_drop[2], vrcmod_mopening_drop[3])));\n\t\t\t\t\/\/ do not return false as we are overwriting the drop off time\n\t\t\t\t\/\/ return false;\n\t\t\t}\n\t\t}\n\t\t\/\/ check for breaks\n\t\tif (vrcmod_mopening_drop[4] && vrcmod_mopening_drop[4].length) {\n\t\t\tfor (var b = 0; b < vrcmod_mopening_drop[4].length; b++) {\n\t\t\t\tif (!vrcmod_mopening_drop[4][b].hasOwnProperty('fh')) {\n\t\t\t\t\tcontinue;\n\t\t\t\t}\n\t\t\t\tvar break_mess = Joomla.JText._('VRC_DROPLOC_IS_ON_BREAK_TIME_FROM_TO')\n\t\t\t\t\t.replace('%s', 183(vrcmod_mopening_drop[4][b]['fh'], vrcmod_mopening_drop[4][b]['fm']))\n\t\t\t\t\t.replace('%s', 183(vrcmod_mopening_drop[4][b]['th'], vrcmod_mopening_drop[4][b]['tm']));\n\t\t\t\tvar break_from_secs = (vrcmod_mopening_drop[4][b]['fh'] * 3600) + (vrcmod_mopening_drop[4][b]['fm'] * 60);\n\t\t\t\tvar break_to_secs = (vrcmod_mopening_drop[4][b]['th'] * 3600) + (vrcmod_mopening_drop[4][b]['tm'] * 60);\n\t\t\t\tvar drop_secs = (droph * 3600) + (dropm * 60);\n\t\t\t\tif (drop_secs > break_from_secs && drop_secs < break_to_secs) {\n\t\t\t\t\t\/\/ the location is on break at this time\n\t\t\t\t\talert(break_mess);\n\t\t\t\t\treturn false;\n\t\t\t\t} else if (vrcmod_mopening_drop[4][b]['fh'] > vrcmod_mopening_drop[4][b]['th'] && drop_secs < break_from_secs && drop_secs < break_to_secs) {\n\t\t\t\t\t\/\/ overnight break, with time after midnight\n\t\t\t\t\talert(break_mess);\n\t\t\t\t\treturn false;\n\t\t\t\t} else if (vrcmod_mopening_drop[4][b]['fh'] > vrcmod_mopening_drop[4][b]['th'] && drop_secs > break_from_secs && drop_secs > break_to_secs) {\n\t\t\t\t\t\/\/ overnight break, with time before midnight\n\t\t\t\t\talert(break_mess);\n\t\t\t\t\treturn false;\n\t\t\t\t}\n\t\t\t}\n\t\t}\n\t}\n\n\treturn true;\n}\n<\/script>\n<\/aside><\/ul>\n\t\t<\/div>\n\t\t\t\t\t<\/div>\n\n\t\n<\/div>\n\t\t<\/div>\n\n\t\t\n<style>\n#section_1036225459 {\n  padding-top: 30px;\n  padding-bottom: 30px;\n  min-height: 600px;\n}\n#section_1036225459 .section-bg.bg-loaded {\n  background-image: url(https:\/\/autosbondia.com\/wp-content\/uploads\/2022\/07\/home-2020.jpeg);\n}\n#section_1036225459 .section-bg {\n  background-position: 0% 76%;\n}\n#section_1036225459 .ux-shape-divider--top svg {\n  height: 150px;\n  --divider-top-width: 100%;\n}\n#section_1036225459 .ux-shape-divider--bottom svg {\n  height: 150px;\n  --divider-width: 100%;\n}\n<\/style>\n\t<\/section>\n\t\n\t<section class=\"section hero\" id=\"section_784282605\">\n\t\t<div class=\"bg section-bg fill bg-fill  bg-loaded\" >\n\n\t\t\t\n\t\t\t\n\t\t\t\n\n\t\t<\/div>\n\n\t\t\n\n\t\t<div class=\"section-content relative\">\n\t\t\t\n\t<div id=\"text-1839399903\" class=\"text hero-text\">\n\t\t\n<p>En Autos BonDia te ofrecemos la forma m\u00e1s f\u00e1cil, c\u00f3moda y transparente de alquilar un coche en Menorca. Somos una empresa menorquina con experiencia desde 1973, comprometida con un servicio cercano y sin sorpresas<\/p>\n\t\t\n<style>\n#text-1839399903 {\n  text-align: left;\n}\n<\/style>\n\t<\/div>\n\t\n\t<div id=\"gap-125469256\" class=\"gap-element clearfix\" style=\"display:block; height:auto;\">\n\t\t\n<style>\n#gap-125469256 {\n  padding-top: 20px;\n}\n<\/style>\n\t<\/div>\n\t\n<div class=\"container section-title-container\" ><h2 class=\"section-title section-title-center\"><b><\/b><span class=\"section-title-main\" >\u00bfPORQUE ELEGIRNOS A NOSOTROS?<\/span><b><\/b><\/h2><\/div>\n<div class=\"row\"  id=\"row-626356521\">\n\n\t<div id=\"col-5980345\" class=\"col medium-4 small-12 large-4\"  >\n\t\t\t\t<div class=\"col-inner\"  >\n\t\t\t\n\t\t\t\n\n\t\t<div class=\"icon-box featured-box icon-box-center text-center\"  >\n\t\t\t\t\t<div class=\"icon-box-img has-icon-bg\" style=\"width: 98px\">\n\t\t\t\t<div class=\"icon\">\n\t\t\t\t\t<div class=\"icon-inner\" style=\"border-width:5px;\">\n\t\t\t\t\t\t<svg xmlns=\"http:\/\/www.w3.org\/2000\/svg\" viewBox=\"0 0 512 512\"><!--!Font Awesome Free 7.2.0 by @fontawesome - https:\/\/fontawesome.com License - https:\/\/fontawesome.com\/license\/free Copyright 2026 Fonticons, Inc.--><path d=\"M32 64C32 28.7 60.7 0 96 0L256 0c35.3 0 64 28.7 64 64l0 192 8 0c48.6 0 88 39.4 88 88l0 32c0 13.3 10.7 24 24 24s24-10.7 24-24l0-154c-27.6-7.1-48-32.2-48-62l0-59.5-25.8-28.3c-8.9-9.8-8.2-25 1.6-33.9s25-8.2 33.9 1.6l71.7 78.8c9.4 10.3 14.6 23.7 14.6 37.7L512 376c0 39.8-32.2 72-72 72s-72-32.2-72-72l0-32c0-22.1-17.9-40-40-40l-8 0 0 161.4c9.3 3.3 16 12.2 16 22.6 0 13.3-10.7 24-24 24L40 512c-13.3 0-24-10.7-24-24 0-10.5 6.7-19.3 16-22.6L32 64zM96 80l0 96c0 8.8 7.2 16 16 16l128 0c8.8 0 16-7.2 16-16l0-96c0-8.8-7.2-16-16-16L112 64c-8.8 0-16 7.2-16 16z\"\/><\/svg>\t\t\t\t\t<\/div>\n\t\t\t\t<\/div>\n\t\t\t<\/div>\n\t\t\t\t<div class=\"icon-box-text last-reset\">\n\t\t\t<h5 class=\"uppercase\">No cobramos gasolina<\/h5>\t\t\t\t\t\t\n\t\t<\/div>\n\t<\/div>\n\t\n\t\n\t\t<\/div>\n\t\t\t\t\t<\/div>\n\n\t\n\n\t<div id=\"col-1007233096\" class=\"col medium-4 small-12 large-4\"  >\n\t\t\t\t<div class=\"col-inner\"  >\n\t\t\t\n\t\t\t\n\n\t\t<div class=\"icon-box featured-box icon-box-center text-center\"  >\n\t\t\t\t\t<div class=\"icon-box-img has-icon-bg\" style=\"width: 98px\">\n\t\t\t\t<div class=\"icon\">\n\t\t\t\t\t<div class=\"icon-inner\" style=\"border-width:5px;\">\n\t\t\t\t\t\t<svg xmlns=\"http:\/\/www.w3.org\/2000\/svg\" viewBox=\"0 0 512 512\"><!--!Font Awesome Free 7.2.0 by @fontawesome - https:\/\/fontawesome.com License - https:\/\/fontawesome.com\/license\/free Copyright 2026 Fonticons, Inc.--><path d=\"M256 0c4.6 0 9.2 1 13.4 2.9L457.8 82.8c22 9.3 38.4 31 38.3 57.2-.5 99.2-41.3 280.7-213.6 363.2-16.7 8-36.1 8-52.8 0-172.4-82.5-213.1-264-213.6-363.2-.1-26.2 16.3-47.9 38.3-57.2L242.7 2.9C246.9 1 251.4 0 256 0z\"\/><\/svg>\t\t\t\t\t<\/div>\n\t\t\t\t<\/div>\n\t\t\t<\/div>\n\t\t\t\t<div class=\"icon-box-text last-reset\">\n\t\t\t<h5 class=\"uppercase\">No solicitanos fianza<\/h5>\t\t\t\t\t\t\n\t\t<\/div>\n\t<\/div>\n\t\n\t\n\t\t<\/div>\n\t\t\t\t\t<\/div>\n\n\t\n\n\t<div id=\"col-1655533558\" class=\"col medium-4 small-12 large-4\"  >\n\t\t\t\t<div class=\"col-inner\"  >\n\t\t\t\n\t\t\t\n\n\t\t<div class=\"icon-box featured-box icon-box-center text-center\"  >\n\t\t\t\t\t<div class=\"icon-box-img has-icon-bg\" style=\"width: 98px\">\n\t\t\t\t<div class=\"icon\">\n\t\t\t\t\t<div class=\"icon-inner\" style=\"border-width:5px;\">\n\t\t\t\t\t\t<svg xmlns=\"http:\/\/www.w3.org\/2000\/svg\" viewBox=\"0 0 576 512\"><!--!Font Awesome Free 7.2.0 by @fontawesome - https:\/\/fontawesome.com License - https:\/\/fontawesome.com\/license\/free Copyright 2026 Fonticons, Inc.--><path d=\"M386.6 193.1L265.9 3.7c-4.8-7.6-12.6-12.8-21.4-14.3l-43.1-7.6c-10.8-1.9-20.2 7.3-18.6 18.1l24 161.6-105-18.5-33.8-61.8C64.5 74.7 58.2 70.2 51.1 69L34 66c-9.8-1.7-18.8 5.9-18.8 15.8l.6 106.3c.2 30.9 22.4 57.3 52.9 62.7l13.5 2.4 0 0 417.6 73.6c30.5 5.4 59.5-15 64.9-45.4s-15-59.5-45.4-64.9L386.6 193.1zM224 384a32 32 0 1 0 0-64 32 32 0 1 0 0 64zm131.2-15.3a32 32 0 1 0 -64 0 32 32 0 1 0 64 0zM32 448c-17.7 0-32 14.3-32 32s14.3 32 32 32l512 0c17.7 0 32-14.3 32-32s-14.3-32-32-32L32 448z\"\/><\/svg>\t\t\t\t\t<\/div>\n\t\t\t\t<\/div>\n\t\t\t<\/div>\n\t\t\t\t<div class=\"icon-box-text last-reset\">\n\t\t\t<h5 class=\"uppercase\">Entrega del vehiculo en aeropuerto y puerto de mahon<\/h5>\t\t\t\t\t\t\n\t\t<\/div>\n\t<\/div>\n\t\n\t\n\t\t<\/div>\n\t\t\t\t\t<\/div>\n\n\t\n<\/div>\n\n\t\t<\/div>\n\n\t\t\n<style>\n#section_784282605 {\n  padding-top: 30px;\n  padding-bottom: 30px;\n}\n#section_784282605 .ux-shape-divider--top svg {\n  height: 150px;\n  --divider-top-width: 100%;\n}\n#section_784282605 .ux-shape-divider--bottom svg {\n  height: 150px;\n  --divider-width: 100%;\n}\n<\/style>\n\t<\/section>\n\t\n","protected":false},"excerpt":{"rendered":"","protected":false},"author":5,"featured_media":0,"parent":0,"menu_order":0,"comment_status":"closed","ping_status":"closed","template":"page-blank.php","meta":{"footnotes":""},"_links":{"self":[{"href":"https:\/\/autosbondia.com\/es\/wp-json\/wp\/v2\/pages\/53"}],"collection":[{"href":"https:\/\/autosbondia.com\/es\/wp-json\/wp\/v2\/pages"}],"about":[{"href":"https:\/\/autosbondia.com\/es\/wp-json\/wp\/v2\/types\/page"}],"author":[{"embeddable":true,"href":"https:\/\/autosbondia.com\/es\/wp-json\/wp\/v2\/users\/5"}],"replies":[{"embeddable":true,"href":"https:\/\/autosbondia.com\/es\/wp-json\/wp\/v2\/comments?post=53"}],"version-history":[{"count":139,"href":"https:\/\/autosbondia.com\/es\/wp-json\/wp\/v2\/pages\/53\/revisions"}],"predecessor-version":[{"id":603,"href":"https:\/\/autosbondia.com\/es\/wp-json\/wp\/v2\/pages\/53\/revisions\/603"}],"wp:attachment":[{"href":"https:\/\/autosbondia.com\/es\/wp-json\/wp\/v2\/media?parent=53"}],"curies":[{"name":"wp","href":"https:\/\/api.w.org\/{rel}","templated":true}]}}