{"id":475,"date":"2022-07-26T10:17:36","date_gmt":"2022-07-26T10:17:36","guid":{"rendered":"http:\/\/autosbondia0.vl23871.dinaserver.com\/?page_id=475"},"modified":"2022-07-26T10:19:31","modified_gmt":"2022-07-26T10:19:31","slug":"condiciones","status":"publish","type":"page","link":"https:\/\/autosbondia.com\/es\/condiciones\/","title":{"rendered":"Condiciones"},"content":{"rendered":"\n<h1>Condiciones<\/h1>\n<p>INCLUIDO EN EL PRECIO<\/p>\n<p>Seguro a todo riesgo, sin franquicia, IVA. Entrega y recogida en el aeropuerto y puerto de Mah\u00f3n. Kilometraje ilimitado. Asistencia en carretera las 24 horas del d\u00eda.<\/p>\n<p>                                           NO INCLUIDO EN EL PRECIO<\/p>\n<p>Combustible. Robo del veh\u00edculo por dejar las llaves en el contacto. Da\u00f1os en el motor por negligencia . Da\u00f1os causados en el veh\u00edculo por conducci\u00f3n temeraria. Multas o sanciones de tr\u00e1fico.<\/p>\n<p>                                           CONDICIONES DE PAGO<\/p>\n<p>El pago final se efectuar\u00e1 en met\u00e1lico a la firma del contrato de alquiler.<\/p>\n<p>                                          CONDICIONES CONDUCTOR<\/p>\n<p> Edad m\u00ednima del conductor\/a es de 23 a\u00f1os en la mayor\u00eda de grupos, con dos de experiencia. No se aceptan reservas por tel\u00e9fono. La empresa no garantiza la marca o modelo del veh\u00edculo solicitado, solamente el grupo. Solo se entregar\u00e1 el veh\u00edculo a la persona titular de la reserva. No se devolver\u00e1 importe alguno, caso de devoluci\u00f3n del veh\u00edculo antes de finalizar el contrato.<\/p>\n","protected":false},"excerpt":{"rendered":"","protected":false},"author":5,"featured_media":0,"parent":0,"menu_order":0,"comment_status":"closed","ping_status":"closed","template":"","meta":{"footnotes":""},"_links":{"self":[{"href":"https:\/\/autosbondia.com\/es\/wp-json\/wp\/v2\/pages\/475"}],"collection":[{"href":"https:\/\/autosbondia.com\/es\/wp-json\/wp\/v2\/pages"}],"about":[{"href":"https:\/\/autosbondia.com\/es\/wp-json\/wp\/v2\/types\/page"}],"author":[{"embeddable":true,"href":"https:\/\/autosbondia.com\/es\/wp-json\/wp\/v2\/users\/5"}],"replies":[{"embeddable":true,"href":"https:\/\/autosbondia.com\/es\/wp-json\/wp\/v2\/comments?post=475"}],"version-history":[{"count":5,"href":"https:\/\/autosbondia.com\/es\/wp-json\/wp\/v2\/pages\/475\/revisions"}],"predecessor-version":[{"id":481,"href":"https:\/\/autosbondia.com\/es\/wp-json\/wp\/v2\/pages\/475\/revisions\/481"}],"wp:attachment":[{"href":"https:\/\/autosbondia.com\/es\/wp-json\/wp\/v2\/media?parent=475"}],"curies":[{"name":"wp","href":"https:\/\/api.w.org\/{rel}","templated":true}]}}